{"id":18060,"date":"2022-04-30T14:35:44","date_gmt":"2022-04-30T14:35:44","guid":{"rendered":"https:\/\/formenteralifestyle.com\/hotel-cala-saona\/"},"modified":"2022-04-30T14:38:54","modified_gmt":"2022-04-30T14:38:54","slug":"hotel-cala-saona","status":"publish","type":"page","link":"https:\/\/formenteralifestyle.com\/ca\/my-links\/hotels\/hotel-cala-saona\/","title":{"rendered":"Hotel Cala Saona"},"content":{"rendered":"[vc_row type=&#8221;in_container&#8221; full_screen_row_position=&#8221;middle&#8221; column_margin=&#8221;none&#8221; column_direction=&#8221;default&#8221; column_direction_tablet=&#8221;default&#8221; column_direction_phone=&#8221;default&#8221; scene_position=&#8221;center&#8221; text_color=&#8221;dark&#8221; text_align=&#8221;left&#8221; row_border_radius=&#8221;none&#8221; row_border_radius_applies=&#8221;bg&#8221; overlay_strength=&#8221;0.3&#8243; gradient_direction=&#8221;left_to_right&#8221; shape_divider_position=&#8221;bottom&#8221; bg_image_animation=&#8221;none&#8221; shape_type=&#8221;&#8221;][vc_column column_padding=&#8221;no-extra-padding&#8221; column_padding_tablet=&#8221;inherit&#8221; column_padding_phone=&#8221;inherit&#8221; column_padding_position=&#8221;all&#8221; column_element_spacing=&#8221;default&#8221; centered_text=&#8221;true&#8221; background_color_opacity=&#8221;1&#8243; background_hover_color_opacity=&#8221;1&#8243; column_shadow=&#8221;none&#8221; column_border_radius=&#8221;none&#8221; column_link_target=&#8221;_self&#8221; gradient_direction=&#8221;left_to_right&#8221; overlay_strength=&#8221;0.3&#8243; width=&#8221;1\/1&#8243; tablet_width_inherit=&#8221;default&#8221; tablet_text_alignment=&#8221;default&#8221; phone_text_alignment=&#8221;default&#8221; bg_image_animation=&#8221;none&#8221; border_type=&#8221;simple&#8221; column_border_width=&#8221;none&#8221; column_border_style=&#8221;solid&#8221;][image_with_animation image_url=&#8221;15353&#8243; animation=&#8221;Fade In&#8221; hover_animation=&#8221;none&#8221; alignment=&#8221;center&#8221; border_radius=&#8221;none&#8221; box_shadow=&#8221;none&#8221; image_loading=&#8221;default&#8221; max_width=&#8221;100%&#8221; max_width_mobile=&#8221;default&#8221;][\/vc_column][\/vc_row][vc_row type=&#8221;in_container&#8221; full_screen_row_position=&#8221;middle&#8221; column_margin=&#8221;20px&#8221; column_direction=&#8221;default&#8221; column_direction_tablet=&#8221;default&#8221; column_direction_phone=&#8221;default&#8221; scene_position=&#8221;center&#8221; text_color=&#8221;dark&#8221; text_align=&#8221;left&#8221; row_border_radius=&#8221;none&#8221; row_border_radius_applies=&#8221;bg&#8221; overlay_strength=&#8221;0.3&#8243; gradient_direction=&#8221;left_to_right&#8221; shape_divider_position=&#8221;bottom&#8221; bg_image_animation=&#8221;none&#8221; shape_type=&#8221;&#8221;][vc_column column_padding=&#8221;no-extra-padding&#8221; column_padding_tablet=&#8221;inherit&#8221; column_padding_phone=&#8221;inherit&#8221; column_padding_position=&#8221;all&#8221; column_element_spacing=&#8221;default&#8221; background_color_opacity=&#8221;1&#8243; background_hover_color_opacity=&#8221;1&#8243; column_shadow=&#8221;none&#8221; column_border_radius=&#8221;none&#8221; column_link_target=&#8221;_self&#8221; gradient_direction=&#8221;left_to_right&#8221; overlay_strength=&#8221;0.3&#8243; width=&#8221;2\/5&#8243; tablet_width_inherit=&#8221;default&#8221; tablet_text_alignment=&#8221;default&#8221; phone_text_alignment=&#8221;default&#8221; bg_image_animation=&#8221;none&#8221; border_type=&#8221;simple&#8221; column_border_width=&#8221;none&#8221; column_border_style=&#8221;solid&#8221;][\/vc_column][vc_column column_padding=&#8221;no-extra-padding&#8221; column_padding_tablet=&#8221;inherit&#8221; column_padding_phone=&#8221;inherit&#8221; column_padding_position=&#8221;all&#8221; column_element_spacing=&#8221;default&#8221; background_color_opacity=&#8221;1&#8243; background_hover_color_opacity=&#8221;1&#8243; column_shadow=&#8221;none&#8221; column_border_radius=&#8221;none&#8221; column_link_target=&#8221;_self&#8221; gradient_direction=&#8221;left_to_right&#8221; overlay_strength=&#8221;0.3&#8243; width=&#8221;1\/5&#8243; tablet_width_inherit=&#8221;default&#8221; tablet_text_alignment=&#8221;default&#8221; phone_text_alignment=&#8221;default&#8221; bg_image_animation=&#8221;none&#8221; border_type=&#8221;simple&#8221; column_border_width=&#8221;none&#8221; column_border_style=&#8221;solid&#8221;][nectar_highlighted_text text_color=&#8221;#345e84&#8243; style=&#8221;text_outline&#8221; outline_thickness=&#8221;thin&#8221;]\n<h2 style=\"text-align: center;\">PROMO CODE:<\/h2>\n<h1 style=\"text-align: center;\"><em>LIFE<\/em><\/h1>\n[\/nectar_highlighted_text][\/vc_column][vc_column column_padding=&#8221;no-extra-padding&#8221; column_padding_tablet=&#8221;inherit&#8221; column_padding_phone=&#8221;inherit&#8221; column_padding_position=&#8221;all&#8221; column_element_spacing=&#8221;default&#8221; background_color_opacity=&#8221;1&#8243; background_hover_color_opacity=&#8221;1&#8243; column_shadow=&#8221;none&#8221; column_border_radius=&#8221;none&#8221; column_link_target=&#8221;_self&#8221; gradient_direction=&#8221;left_to_right&#8221; overlay_strength=&#8221;0.3&#8243; width=&#8221;2\/5&#8243; tablet_width_inherit=&#8221;default&#8221; tablet_text_alignment=&#8221;default&#8221; phone_text_alignment=&#8221;default&#8221; bg_image_animation=&#8221;none&#8221; border_type=&#8221;simple&#8221; column_border_width=&#8221;none&#8221; column_border_style=&#8221;solid&#8221;][\/vc_column][\/vc_row][vc_row type=&#8221;in_container&#8221; full_screen_row_position=&#8221;middle&#8221; column_margin=&#8221;none&#8221; column_direction=&#8221;default&#8221; column_direction_tablet=&#8221;default&#8221; column_direction_phone=&#8221;default&#8221; scene_position=&#8221;center&#8221; text_color=&#8221;dark&#8221; text_align=&#8221;left&#8221; row_border_radius=&#8221;none&#8221; row_border_radius_applies=&#8221;bg&#8221; overlay_strength=&#8221;0.3&#8243; gradient_direction=&#8221;left_to_right&#8221; shape_divider_position=&#8221;bottom&#8221; bg_image_animation=&#8221;none&#8221; shape_type=&#8221;&#8221;][vc_column column_padding=&#8221;no-extra-padding&#8221; column_padding_tablet=&#8221;inherit&#8221; column_padding_phone=&#8221;inherit&#8221; column_padding_position=&#8221;all&#8221; top_margin_phone=&#8221;1%&#8221; column_element_spacing=&#8221;default&#8221; centered_text=&#8221;true&#8221; background_color_opacity=&#8221;1&#8243; background_hover_color_opacity=&#8221;1&#8243; column_shadow=&#8221;none&#8221; column_border_radius=&#8221;none&#8221; column_link_target=&#8221;_self&#8221; gradient_direction=&#8221;left_to_right&#8221; overlay_strength=&#8221;0.3&#8243; width=&#8221;1\/1&#8243; tablet_width_inherit=&#8221;default&#8221; tablet_text_alignment=&#8221;default&#8221; phone_text_alignment=&#8221;default&#8221; bg_image_animation=&#8221;none&#8221; border_type=&#8221;simple&#8221; column_border_width=&#8221;none&#8221; column_border_style=&#8221;solid&#8221;][nectar_btn size=&#8221;jumbo&#8221; open_new_tab=&#8221;true&#8221; button_style=&#8221;regular&#8221; button_color_2=&#8221;Accent-Color&#8221; icon_family=&#8221;none&#8221; text=&#8221;Espa\u00f1ol&#8221; url=&#8221;https:\/\/bookings.hotelcalasaona.com\/es\/step-1?promo=life&amp;arrival=2026-09-25&amp;nights=3&amp;adults=2&amp;children=0&amp;babies=0&amp;origin=www.formenteralifestyle.com&amp;id=bVopDSSyabpWoJGvar1lGg&#8221;][divider line_type=&#8221;No Line&#8221;][nectar_btn size=&#8221;jumbo&#8221; open_new_tab=&#8221;true&#8221; button_style=&#8221;regular&#8221; button_color_2=&#8221;Accent-Color&#8221; icon_family=&#8221;none&#8221; text=&#8221;Italiano&#8221; url=&#8221;https:\/\/bookings.hotelcalasaona.com\/it\/step-1?promo=life&amp;arrival=2026-09-25&amp;nights=3&amp;adults=2&amp;children=0&amp;babies=0&amp;origin=www.formenteralifestyle.com&amp;id=bVopDSSyabpWoJGvar1lGg&#8221;][divider line_type=&#8221;No Line&#8221;][nectar_btn size=&#8221;jumbo&#8221; open_new_tab=&#8221;true&#8221; button_style=&#8221;regular&#8221; button_color_2=&#8221;Accent-Color&#8221; icon_family=&#8221;none&#8221; text=&#8221;English&#8221; url=&#8221;https:\/\/bookings.hotelcalasaona.com\/en\/step-1?promo=life&amp;arrival=2026-09-25&amp;nights=3&amp;adults=2&amp;children=0&amp;babies=0&amp;origin=www.formenteralifestyle.com&amp;id=bVopDSSyabpWoJGvar1lGg&#8221;][divider line_type=&#8221;No Line&#8221;][nectar_btn size=&#8221;jumbo&#8221; open_new_tab=&#8221;true&#8221; button_style=&#8221;regular&#8221; button_color_2=&#8221;Accent-Color&#8221; icon_family=&#8221;none&#8221; text=&#8221;Deutsch&#8221; url=&#8221;https:\/\/bookings.hotelcalasaona.com\/de\/step-1?promo=life&amp;arrival=2026-09-25&amp;nights=3&amp;adults=2&amp;children=0&amp;babies=0&amp;origin=www.formenteralifestyle.com&amp;id=bVopDSSyabpWoJGvar1lGg&#8221;][divider line_type=&#8221;No Line&#8221;][nectar_btn size=&#8221;jumbo&#8221; open_new_tab=&#8221;true&#8221; button_style=&#8221;regular&#8221; button_color_2=&#8221;Accent-Color&#8221; icon_family=&#8221;none&#8221; text=&#8221;Fran\u00e7ais&#8221; url=&#8221;https:\/\/bookings.hotelcalasaona.com\/fr\/step-1?promo=life&amp;arrival=2026-09-25&amp;nights=3&amp;adults=2&amp;children=0&amp;babies=0&amp;origin=www.formenteralifestyle.com&amp;id=bVopDSSyabpWoJGvar1lGg&#8221;][divider line_type=&#8221;No Line&#8221;][nectar_btn size=&#8221;jumbo&#8221; open_new_tab=&#8221;true&#8221; button_style=&#8221;regular&#8221; button_color_2=&#8221;Accent-Color&#8221; icon_family=&#8221;none&#8221; text=&#8221;Catal\u00e0&#8221; url=&#8221;https:\/\/bookings.hotelcalasaona.com\/ca\/step-1?promo=life&amp;arrival=2026-09-25&amp;nights=3&amp;adults=2&amp;children=0&amp;babies=0&amp;origin=www.formenteralifestyle.com&amp;id=bVopDSSyabpWoJGvar1lGg&#8221;][divider line_type=&#8221;No Line&#8221;][vc_column_text]\n<h3 style=\"text-align: center;\">En reservar utilitza el nostre codi promo:<\/h3>\n<h2 style=\"text-align: center;\"><strong><span style=\"color: #345e84;\">LIFE<\/span><\/strong><\/h2>\n<p style=\"text-align: center;\">En accedir a qualsevol de les promocions i descomptes que trobar\u00e0s en aquesta p\u00e0gina, la relaci\u00f3 s&#8217;establir\u00e0 entre tu i l\u00b4<strong>Hotel Cala Saona.<\/strong><\/p>\n[\/vc_column_text][\/vc_column][\/vc_row]\n","protected":false},"excerpt":{"rendered":"<p>[vc_row type=&#8221;in_container&#8221; full_screen_row_position=&#8221;middle&#8221; column_margin=&#8221;none&#8221; column_direction=&#8221;default&#8221; column_direction_tablet=&#8221;default&#8221; column_direction_phone=&#8221;default&#8221; scene_position=&#8221;center&#8221; text_color=&#8221;dark&#8221; text_align=&#8221;left&#8221; row_border_radius=&#8221;none&#8221; row_border_radius_applies=&#8221;bg&#8221; overlay_strength=&#8221;0.3&#8243; gradient_direction=&#8221;left_to_right&#8221; shape_divider_position=&#8221;bottom&#8221; bg_image_animation=&#8221;none&#8221; shape_type=&#8221;&#8221;][vc_column column_padding=&#8221;no-extra-padding&#8221; column_padding_tablet=&#8221;inherit&#8221; column_padding_phone=&#8221;inherit&#8221; column_padding_position=&#8221;all&#8221; column_element_spacing=&#8221;default&#8221; centered_text=&#8221;true&#8221; background_color_opacity=&#8221;1&#8243; background_hover_color_opacity=&#8221;1&#8243; column_shadow=&#8221;none&#8221; column_border_radius=&#8221;none&#8221; column_link_target=&#8221;_self&#8221; gradient_direction=&#8221;left_to_right&#8221; overlay_strength=&#8221;0.3&#8243;&#8230;<\/p>\n","protected":false},"author":1,"featured_media":0,"parent":18011,"menu_order":0,"comment_status":"closed","ping_status":"closed","template":"","meta":{"footnotes":""},"class_list":["post-18060","page","type-page","status-publish"],"yoast_head":"<!-- This site is optimized with the Yoast SEO plugin v24.1 - https:\/\/yoast.com\/wordpress\/plugins\/seo\/ -->\n<title>Hotel Cala Saona - Formentera Lifestyle<\/title>\n<meta name=\"robots\" content=\"index, follow, max-snippet:-1, max-image-preview:large, max-video-preview:-1\" \/>\n<link rel=\"canonical\" href=\"https:\/\/formenteralifestyle.com\/ca\/my-links\/hotels\/hotel-cala-saona\/\" \/>\n<meta property=\"og:locale\" content=\"ca_ES\" \/>\n<meta property=\"og:type\" content=\"article\" \/>\n<meta property=\"og:title\" content=\"Hotel Cala Saona - Formentera Lifestyle\" \/>\n<meta property=\"og:description\" content=\"[vc_row type=&#8221;in_container&#8221; full_screen_row_position=&#8221;middle&#8221; column_margin=&#8221;none&#8221; column_direction=&#8221;default&#8221; column_direction_tablet=&#8221;default&#8221; column_direction_phone=&#8221;default&#8221; scene_position=&#8221;center&#8221; text_color=&#8221;dark&#8221; text_align=&#8221;left&#8221; row_border_radius=&#8221;none&#8221; row_border_radius_applies=&#8221;bg&#8221; overlay_strength=&#8221;0.3&#8243; gradient_direction=&#8221;left_to_right&#8221; shape_divider_position=&#8221;bottom&#8221; bg_image_animation=&#8221;none&#8221; shape_type=&#8221;&#8221;][vc_column column_padding=&#8221;no-extra-padding&#8221; column_padding_tablet=&#8221;inherit&#8221; column_padding_phone=&#8221;inherit&#8221; column_padding_position=&#8221;all&#8221; column_element_spacing=&#8221;default&#8221; centered_text=&#8221;true&#8221; background_color_opacity=&#8221;1&#8243; background_hover_color_opacity=&#8221;1&#8243; column_shadow=&#8221;none&#8221; column_border_radius=&#8221;none&#8221; column_link_target=&#8221;_self&#8221; gradient_direction=&#8221;left_to_right&#8221; overlay_strength=&#8221;0.3&#8243;...\" \/>\n<meta property=\"og:url\" content=\"https:\/\/formenteralifestyle.com\/ca\/my-links\/hotels\/hotel-cala-saona\/\" \/>\n<meta property=\"og:site_name\" content=\"Formentera Lifestyle\" \/>\n<meta property=\"article:modified_time\" content=\"2022-04-30T14:38:54+00:00\" \/>\n<meta name=\"twitter:card\" content=\"summary_large_image\" \/>\n<meta name=\"twitter:label1\" content=\"Temps estimat de lectura\" \/>\n\t<meta name=\"twitter:data1\" content=\"5 minuts\" \/>\n<script type=\"application\/ld+json\" class=\"yoast-schema-graph\">{\"@context\":\"https:\/\/schema.org\",\"@graph\":[{\"@type\":\"WebPage\",\"@id\":\"https:\/\/formenteralifestyle.com\/ca\/my-links\/hotels\/hotel-cala-saona\/\",\"url\":\"https:\/\/formenteralifestyle.com\/ca\/my-links\/hotels\/hotel-cala-saona\/\",\"name\":\"Hotel Cala Saona - Formentera Lifestyle\",\"isPartOf\":{\"@id\":\"https:\/\/formenteralifestyle.com\/ca\/#website\"},\"datePublished\":\"2022-04-30T14:35:44+00:00\",\"dateModified\":\"2022-04-30T14:38:54+00:00\",\"breadcrumb\":{\"@id\":\"https:\/\/formenteralifestyle.com\/ca\/my-links\/hotels\/hotel-cala-saona\/#breadcrumb\"},\"inLanguage\":\"ca\",\"potentialAction\":[{\"@type\":\"ReadAction\",\"target\":[\"https:\/\/formenteralifestyle.com\/ca\/my-links\/hotels\/hotel-cala-saona\/\"]}]},{\"@type\":\"BreadcrumbList\",\"@id\":\"https:\/\/formenteralifestyle.com\/ca\/my-links\/hotels\/hotel-cala-saona\/#breadcrumb\",\"itemListElement\":[{\"@type\":\"ListItem\",\"position\":1,\"name\":\"Formentera\",\"item\":\"https:\/\/formenteralifestyle.com\/ca\/\"},{\"@type\":\"ListItem\",\"position\":2,\"name\":\"My Links\",\"item\":\"https:\/\/formenteralifestyle.com\/ca\/my-links\/\"},{\"@type\":\"ListItem\",\"position\":3,\"name\":\"Hotels\",\"item\":\"https:\/\/formenteralifestyle.com\/ca\/my-links\/hotels\/\"},{\"@type\":\"ListItem\",\"position\":4,\"name\":\"Hotel Cala Saona\"}]},{\"@type\":\"WebSite\",\"@id\":\"https:\/\/formenteralifestyle.com\/ca\/#website\",\"url\":\"https:\/\/formenteralifestyle.com\/ca\/\",\"name\":\"Formentera Lifestyle\",\"description\":\"Formentera is a real Lifestyle\",\"publisher\":{\"@id\":\"https:\/\/formenteralifestyle.com\/ca\/#organization\"},\"potentialAction\":[{\"@type\":\"SearchAction\",\"target\":{\"@type\":\"EntryPoint\",\"urlTemplate\":\"https:\/\/formenteralifestyle.com\/ca\/?s={search_term_string}\"},\"query-input\":{\"@type\":\"PropertyValueSpecification\",\"valueRequired\":true,\"valueName\":\"search_term_string\"}}],\"inLanguage\":\"ca\"},{\"@type\":\"Organization\",\"@id\":\"https:\/\/formenteralifestyle.com\/ca\/#organization\",\"name\":\"FormenteraLifestyle\",\"url\":\"https:\/\/formenteralifestyle.com\/ca\/\",\"logo\":{\"@type\":\"ImageObject\",\"inLanguage\":\"ca\",\"@id\":\"https:\/\/formenteralifestyle.com\/ca\/#\/schema\/logo\/image\/\",\"url\":\"https:\/\/formenteralifestyle.com\/wp-content\/uploads\/2021\/10\/Logo-footer-blau.png\",\"contentUrl\":\"https:\/\/formenteralifestyle.com\/wp-content\/uploads\/2021\/10\/Logo-footer-blau.png\",\"width\":550,\"height\":146,\"caption\":\"FormenteraLifestyle\"},\"image\":{\"@id\":\"https:\/\/formenteralifestyle.com\/ca\/#\/schema\/logo\/image\/\"}}]}<\/script>\n<!-- \/ Yoast SEO plugin. -->","yoast_head_json":{"title":"Hotel Cala Saona - Formentera Lifestyle","robots":{"index":"index","follow":"follow","max-snippet":"max-snippet:-1","max-image-preview":"max-image-preview:large","max-video-preview":"max-video-preview:-1"},"canonical":"https:\/\/formenteralifestyle.com\/ca\/my-links\/hotels\/hotel-cala-saona\/","og_locale":"ca_ES","og_type":"article","og_title":"Hotel Cala Saona - Formentera Lifestyle","og_description":"[vc_row type=&#8221;in_container&#8221; full_screen_row_position=&#8221;middle&#8221; column_margin=&#8221;none&#8221; column_direction=&#8221;default&#8221; column_direction_tablet=&#8221;default&#8221; column_direction_phone=&#8221;default&#8221; scene_position=&#8221;center&#8221; text_color=&#8221;dark&#8221; text_align=&#8221;left&#8221; row_border_radius=&#8221;none&#8221; row_border_radius_applies=&#8221;bg&#8221; overlay_strength=&#8221;0.3&#8243; gradient_direction=&#8221;left_to_right&#8221; shape_divider_position=&#8221;bottom&#8221; bg_image_animation=&#8221;none&#8221; shape_type=&#8221;&#8221;][vc_column column_padding=&#8221;no-extra-padding&#8221; column_padding_tablet=&#8221;inherit&#8221; column_padding_phone=&#8221;inherit&#8221; column_padding_position=&#8221;all&#8221; column_element_spacing=&#8221;default&#8221; centered_text=&#8221;true&#8221; background_color_opacity=&#8221;1&#8243; background_hover_color_opacity=&#8221;1&#8243; column_shadow=&#8221;none&#8221; column_border_radius=&#8221;none&#8221; column_link_target=&#8221;_self&#8221; gradient_direction=&#8221;left_to_right&#8221; overlay_strength=&#8221;0.3&#8243;...","og_url":"https:\/\/formenteralifestyle.com\/ca\/my-links\/hotels\/hotel-cala-saona\/","og_site_name":"Formentera Lifestyle","article_modified_time":"2022-04-30T14:38:54+00:00","twitter_card":"summary_large_image","twitter_misc":{"Temps estimat de lectura":"5 minuts"},"schema":{"@context":"https:\/\/schema.org","@graph":[{"@type":"WebPage","@id":"https:\/\/formenteralifestyle.com\/ca\/my-links\/hotels\/hotel-cala-saona\/","url":"https:\/\/formenteralifestyle.com\/ca\/my-links\/hotels\/hotel-cala-saona\/","name":"Hotel Cala Saona - Formentera Lifestyle","isPartOf":{"@id":"https:\/\/formenteralifestyle.com\/ca\/#website"},"datePublished":"2022-04-30T14:35:44+00:00","dateModified":"2022-04-30T14:38:54+00:00","breadcrumb":{"@id":"https:\/\/formenteralifestyle.com\/ca\/my-links\/hotels\/hotel-cala-saona\/#breadcrumb"},"inLanguage":"ca","potentialAction":[{"@type":"ReadAction","target":["https:\/\/formenteralifestyle.com\/ca\/my-links\/hotels\/hotel-cala-saona\/"]}]},{"@type":"BreadcrumbList","@id":"https:\/\/formenteralifestyle.com\/ca\/my-links\/hotels\/hotel-cala-saona\/#breadcrumb","itemListElement":[{"@type":"ListItem","position":1,"name":"Formentera","item":"https:\/\/formenteralifestyle.com\/ca\/"},{"@type":"ListItem","position":2,"name":"My Links","item":"https:\/\/formenteralifestyle.com\/ca\/my-links\/"},{"@type":"ListItem","position":3,"name":"Hotels","item":"https:\/\/formenteralifestyle.com\/ca\/my-links\/hotels\/"},{"@type":"ListItem","position":4,"name":"Hotel Cala Saona"}]},{"@type":"WebSite","@id":"https:\/\/formenteralifestyle.com\/ca\/#website","url":"https:\/\/formenteralifestyle.com\/ca\/","name":"Formentera Lifestyle","description":"Formentera is a real Lifestyle","publisher":{"@id":"https:\/\/formenteralifestyle.com\/ca\/#organization"},"potentialAction":[{"@type":"SearchAction","target":{"@type":"EntryPoint","urlTemplate":"https:\/\/formenteralifestyle.com\/ca\/?s={search_term_string}"},"query-input":{"@type":"PropertyValueSpecification","valueRequired":true,"valueName":"search_term_string"}}],"inLanguage":"ca"},{"@type":"Organization","@id":"https:\/\/formenteralifestyle.com\/ca\/#organization","name":"FormenteraLifestyle","url":"https:\/\/formenteralifestyle.com\/ca\/","logo":{"@type":"ImageObject","inLanguage":"ca","@id":"https:\/\/formenteralifestyle.com\/ca\/#\/schema\/logo\/image\/","url":"https:\/\/formenteralifestyle.com\/wp-content\/uploads\/2021\/10\/Logo-footer-blau.png","contentUrl":"https:\/\/formenteralifestyle.com\/wp-content\/uploads\/2021\/10\/Logo-footer-blau.png","width":550,"height":146,"caption":"FormenteraLifestyle"},"image":{"@id":"https:\/\/formenteralifestyle.com\/ca\/#\/schema\/logo\/image\/"}}]}},"_links":{"self":[{"href":"https:\/\/formenteralifestyle.com\/ca\/wp-json\/wp\/v2\/pages\/18060","targetHints":{"allow":["GET"]}}],"collection":[{"href":"https:\/\/formenteralifestyle.com\/ca\/wp-json\/wp\/v2\/pages"}],"about":[{"href":"https:\/\/formenteralifestyle.com\/ca\/wp-json\/wp\/v2\/types\/page"}],"author":[{"embeddable":true,"href":"https:\/\/formenteralifestyle.com\/ca\/wp-json\/wp\/v2\/users\/1"}],"replies":[{"embeddable":true,"href":"https:\/\/formenteralifestyle.com\/ca\/wp-json\/wp\/v2\/comments?post=18060"}],"version-history":[{"count":0,"href":"https:\/\/formenteralifestyle.com\/ca\/wp-json\/wp\/v2\/pages\/18060\/revisions"}],"up":[{"embeddable":true,"href":"https:\/\/formenteralifestyle.com\/ca\/wp-json\/wp\/v2\/pages\/18011"}],"wp:attachment":[{"href":"https:\/\/formenteralifestyle.com\/ca\/wp-json\/wp\/v2\/media?parent=18060"}],"curies":[{"name":"wp","href":"https:\/\/api.w.org\/{rel}","templated":true}]}}